{"id":5958,"date":"2025-05-28T22:58:13","date_gmt":"2025-05-28T20:58:13","guid":{"rendered":"https:\/\/riffsandbeats.com\/aviso-legal\/"},"modified":"2025-05-28T23:08:05","modified_gmt":"2025-05-28T21:08:05","slug":"aviso-legal","status":"publish","type":"page","link":"https:\/\/riffsandbeats.com\/es\/aviso-legal\/","title":{"rendered":"Aviso legal"},"content":{"rendered":"<section class=\"wpb-content-wrapper\"><p>[vc_row css=\u00bb.vc_custom_1748466036884{padding-bottom: 48px !important;}\u00bb][vc_column][vc_column_text]<\/p>\n<p><\/p>\n<p style=\"text-align: justify;\" data-start=\"104\" data-end=\"125\"><strong data-start=\"104\" data-end=\"125\">Editor del sitio web<\/strong><\/p>\n<p><\/p>\n<p style=\"text-align: justify;\" data-start=\"127\" data-end=\"172\">El sitio web <em data-start=\"139\" data-end=\"155\">riffsandbeats.com<\/em> es publicado por:<\/p>\n<p><\/p>\n<p style=\"text-align: justify;\" data-start=\"174\" data-end=\"279\"><strong data-start=\"174\" data-end=\"192\">Philippe Gorce<\/strong><br data-start=\"192\" data-end=\"195\" \/>5 Chemin du Vieux Puits<br data-start=\"218\" data-end=\"221\" \/>41360 Savigny Sur Braye \u2013 Francia<br data-start=\"253\" data-end=\"256\" \/>SIRET: 45064207900088<\/p>\n<p><\/p>\n<p style=\"text-align: justify;\" data-start=\"382\" data-end=\"397\"><strong data-start=\"382\" data-end=\"397\">Alojamiento web<\/strong><\/p>\n<p><\/p>\n<p style=\"text-align: justify;\" data-start=\"399\" data-end=\"441\">El sitio web <em data-start=\"139\" data-end=\"155\">riffsandbeats.com<\/em> est\u00e1 alojado por:<\/p>\n<p><\/p>\n<p style=\"text-align: justify;\" data-start=\"443\" data-end=\"496\"><strong data-start=\"443\" data-end=\"450\">OVH<\/strong><br data-start=\"450\" data-end=\"453\" \/>2 rue Kellermann<br data-start=\"469\" data-end=\"472\" \/>59100 Roubaix \u2013 Francia<\/p>\n<p><\/p>\n<p style=\"text-align: justify;\" data-start=\"498\" data-end=\"515\"><strong data-start=\"498\" data-end=\"515\">Datos personales<\/strong><\/p>\n<p><\/p>\n<p style=\"text-align: justify;\" data-start=\"517\" data-end=\"777\">Puede acceder a los t\u00e9rminos y condiciones relativos a la recogida y el tratamiento de sus datos personales en la pol\u00edtica de privacidad del sitio, disponible en la siguiente direcci\u00f3n:<br data-start=\"684\" data-end=\"687\" \/>Philippe Gorce \/ Riffs and Beats, 5 Chemin du Vieux Puits, 41360 Savigny Sur Braye \u2013 Francia<\/p>\n<p><\/p>\n<p style=\"text-align: justify;\" data-start=\"779\" data-end=\"810\"><strong data-start=\"779\" data-end=\"810\">Resoluci\u00f3n de conflictos con consumidores<\/strong><\/p>\n<p><\/p>\n<p style=\"text-align: justify;\" data-start=\"812\" data-end=\"1015\">En caso de disputa, puede encontrar los datos de contacto del mediador de consumo en la siguiente direcci\u00f3n:<br data-start=\"922\" data-end=\"925\" \/>Philippe Gorce \/ Riffs and Beats, 5 Chemin du Vieux Puits, 41360 Savigny Sur Braye \u2013 Francia<\/p>\n<p><\/p>\n<p style=\"text-align: justify;\" data-start=\"1017\" data-end=\"1042\"><strong data-start=\"1017\" data-end=\"1042\">Propiedad intelectual<\/strong><\/p>\n<p><\/p>\n<p style=\"text-align: justify;\" data-start=\"1044\" data-end=\"1466\">Este sitio web, sus marcas, bases de datos y todo su contenido son propiedad exclusiva de Philippe Gorce. Cualquier reproducci\u00f3n o representaci\u00f3n total o parcial de estos elementos, por cualquier medio, sin el consentimiento previo y expreso por escrito de Philippe Gorce, est\u00e1 estrictamente prohibida y constituye una infracci\u00f3n sancionable con penas civiles y penales bajo el C\u00f3digo de Propiedad Intelectual franc\u00e9s.<\/p>\n<p><\/p>\n<p style=\"text-align: justify;\" data-start=\"1468\" data-end=\"1479\"><strong data-start=\"1468\" data-end=\"1479\">Cr\u00e9ditos<\/strong><\/p>\n<p><\/p>\n<p style=\"text-align: justify;\" data-start=\"1481\" data-end=\"1495\">Philippe Gorce<\/p>\n<p><\/p>\n<p>[\/vc_column_text][vc_empty_space height=\u00bb96px\u00bb][\/vc_column][\/vc_row]<\/p>\n<\/section>","protected":false},"excerpt":{"rendered":"<p>[vc_row css=\u00bb.vc_custom_1748466036884{padding-bottom: 48px !important;}\u00bb][vc_column][vc_column_text] Editor del sitio web El sitio web riffsandbeats.com es publicado por: Philippe Gorce5 Chemin du Vieux Puits41360 Savigny Sur Braye \u2013 FranciaSIRET: 45064207900088 Alojamiento web El sitio web riffsandbeats.com est\u00e1 alojado por: OVH2 rue Kellermann59100 Roubaix \u2013 Francia Datos personales Puede [&hellip;]<\/p>\n","protected":false},"author":1,"featured_media":0,"parent":0,"menu_order":0,"comment_status":"closed","ping_status":"closed","template":"","meta":{"give_campaign_id":0,"footnotes":""},"class_list":["post-5958","page","type-page","status-publish","hentry"],"yoast_head":"<!-- This site is optimized with the Yoast SEO plugin v27.5 - https:\/\/yoast.com\/product\/yoast-seo-wordpress\/ -->\n<title>Aviso legal - RIFFS AND BEATS<\/title>\n<meta name=\"robots\" content=\"index, follow, max-snippet:-1, max-image-preview:large, max-video-preview:-1\" \/>\n<link rel=\"canonical\" href=\"https:\/\/riffsandbeats.com\/es\/aviso-legal\/\" \/>\n<meta property=\"og:locale\" content=\"es_ES\" \/>\n<meta property=\"og:type\" content=\"article\" \/>\n<meta property=\"og:title\" content=\"Aviso legal - RIFFS AND BEATS\" \/>\n<meta property=\"og:description\" content=\"[vc_row css=\u00bb.vc_custom_1748466036884{padding-bottom: 48px !important;}\u00bb][vc_column][vc_column_text] Editor del sitio web El sitio web riffsandbeats.com es publicado por: Philippe Gorce5 Chemin du Vieux Puits41360 Savigny Sur Braye \u2013 FranciaSIRET: 45064207900088 Alojamiento web El sitio web riffsandbeats.com est\u00e1 alojado por: OVH2 rue Kellermann59100 Roubaix \u2013 Francia Datos personales Puede [&hellip;]\" \/>\n<meta property=\"og:url\" content=\"https:\/\/riffsandbeats.com\/es\/aviso-legal\/\" \/>\n<meta property=\"og:site_name\" content=\"RIFFS AND BEATS\" \/>\n<meta property=\"article:publisher\" content=\"https:\/\/www.facebook.com\/profile.php?id=61576819018054\" \/>\n<meta property=\"article:modified_time\" content=\"2025-05-28T21:08:05+00:00\" \/>\n<meta property=\"og:image\" content=\"https:\/\/riffsandbeats.com\/wp-content\/uploads\/2025\/06\/Couverture-Fb-2.png\" \/>\n\t<meta property=\"og:image:width\" content=\"1640\" \/>\n\t<meta property=\"og:image:height\" content=\"924\" \/>\n\t<meta property=\"og:image:type\" content=\"image\/png\" \/>\n<meta name=\"twitter:card\" content=\"summary_large_image\" \/>\n<meta name=\"twitter:site\" content=\"@riffsandbeats99\" \/>\n<meta name=\"twitter:label1\" content=\"Tiempo de lectura\" \/>\n\t<meta name=\"twitter:data1\" content=\"1 minuto\" \/>\n<script type=\"application\/ld+json\" class=\"yoast-schema-graph\">{\"@context\":\"https:\\\/\\\/schema.org\",\"@graph\":[{\"@type\":\"WebPage\",\"@id\":\"https:\\\/\\\/riffsandbeats.com\\\/es\\\/aviso-legal\\\/\",\"url\":\"https:\\\/\\\/riffsandbeats.com\\\/es\\\/aviso-legal\\\/\",\"name\":\"Aviso legal - RIFFS AND BEATS\",\"isPartOf\":{\"@id\":\"https:\\\/\\\/riffsandbeats.com\\\/es\\\/#website\"},\"datePublished\":\"2025-05-28T20:58:13+00:00\",\"dateModified\":\"2025-05-28T21:08:05+00:00\",\"breadcrumb\":{\"@id\":\"https:\\\/\\\/riffsandbeats.com\\\/es\\\/aviso-legal\\\/#breadcrumb\"},\"inLanguage\":\"es\",\"potentialAction\":[{\"@type\":\"ReadAction\",\"target\":[\"https:\\\/\\\/riffsandbeats.com\\\/es\\\/aviso-legal\\\/\"]}]},{\"@type\":\"BreadcrumbList\",\"@id\":\"https:\\\/\\\/riffsandbeats.com\\\/es\\\/aviso-legal\\\/#breadcrumb\",\"itemListElement\":[{\"@type\":\"ListItem\",\"position\":1,\"name\":\"Home\",\"item\":\"https:\\\/\\\/riffsandbeats.com\\\/es\\\/\"},{\"@type\":\"ListItem\",\"position\":2,\"name\":\"Aviso legal\"}]},{\"@type\":\"WebSite\",\"@id\":\"https:\\\/\\\/riffsandbeats.com\\\/es\\\/#website\",\"url\":\"https:\\\/\\\/riffsandbeats.com\\\/es\\\/\",\"name\":\"RIFFS AND BEATS\",\"description\":\"Soundtrack Of Our Lives\",\"publisher\":{\"@id\":\"https:\\\/\\\/riffsandbeats.com\\\/es\\\/#organization\"},\"potentialAction\":[{\"@type\":\"SearchAction\",\"target\":{\"@type\":\"EntryPoint\",\"urlTemplate\":\"https:\\\/\\\/riffsandbeats.com\\\/es\\\/?s={search_term_string}\"},\"query-input\":{\"@type\":\"PropertyValueSpecification\",\"valueRequired\":true,\"valueName\":\"search_term_string\"}}],\"inLanguage\":\"es\"},{\"@type\":\"Organization\",\"@id\":\"https:\\\/\\\/riffsandbeats.com\\\/es\\\/#organization\",\"name\":\"RIFFS AND BEATS\",\"url\":\"https:\\\/\\\/riffsandbeats.com\\\/es\\\/\",\"logo\":{\"@type\":\"ImageObject\",\"inLanguage\":\"es\",\"@id\":\"https:\\\/\\\/riffsandbeats.com\\\/es\\\/#\\\/schema\\\/logo\\\/image\\\/\",\"url\":\"https:\\\/\\\/riffsandbeats.com\\\/wp-content\\\/uploads\\\/2025\\\/05\\\/Logo-RIFFS-BEATS-500x500-1.png\",\"contentUrl\":\"https:\\\/\\\/riffsandbeats.com\\\/wp-content\\\/uploads\\\/2025\\\/05\\\/Logo-RIFFS-BEATS-500x500-1.png\",\"width\":500,\"height\":500,\"caption\":\"RIFFS AND BEATS\"},\"image\":{\"@id\":\"https:\\\/\\\/riffsandbeats.com\\\/es\\\/#\\\/schema\\\/logo\\\/image\\\/\"},\"sameAs\":[\"https:\\\/\\\/www.facebook.com\\\/profile.php?id=61576819018054\",\"https:\\\/\\\/x.com\\\/riffsandbeats99\",\"https:\\\/\\\/www.instagram.com\\\/riffsandbeatsofficial\",\"https:\\\/\\\/www.youtube.com\\\/@RiffsandBeats\",\"https:\\\/\\\/www.tiktok.com\\\/@riffsandbeats\"]}]}<\/script>\n<!-- \/ Yoast SEO plugin. -->","yoast_head_json":{"title":"Aviso legal - RIFFS AND BEATS","robots":{"index":"index","follow":"follow","max-snippet":"max-snippet:-1","max-image-preview":"max-image-preview:large","max-video-preview":"max-video-preview:-1"},"canonical":"https:\/\/riffsandbeats.com\/es\/aviso-legal\/","og_locale":"es_ES","og_type":"article","og_title":"Aviso legal - RIFFS AND BEATS","og_description":"[vc_row css=\u00bb.vc_custom_1748466036884{padding-bottom: 48px !important;}\u00bb][vc_column][vc_column_text] Editor del sitio web El sitio web riffsandbeats.com es publicado por: Philippe Gorce5 Chemin du Vieux Puits41360 Savigny Sur Braye \u2013 FranciaSIRET: 45064207900088 Alojamiento web El sitio web riffsandbeats.com est\u00e1 alojado por: OVH2 rue Kellermann59100 Roubaix \u2013 Francia Datos personales Puede [&hellip;]","og_url":"https:\/\/riffsandbeats.com\/es\/aviso-legal\/","og_site_name":"RIFFS AND BEATS","article_publisher":"https:\/\/www.facebook.com\/profile.php?id=61576819018054","article_modified_time":"2025-05-28T21:08:05+00:00","og_image":[{"width":1640,"height":924,"url":"https:\/\/riffsandbeats.com\/wp-content\/uploads\/2025\/06\/Couverture-Fb-2.png","type":"image\/png"}],"twitter_card":"summary_large_image","twitter_site":"@riffsandbeats99","twitter_misc":{"Tiempo de lectura":"1 minuto"},"schema":{"@context":"https:\/\/schema.org","@graph":[{"@type":"WebPage","@id":"https:\/\/riffsandbeats.com\/es\/aviso-legal\/","url":"https:\/\/riffsandbeats.com\/es\/aviso-legal\/","name":"Aviso legal - RIFFS AND BEATS","isPartOf":{"@id":"https:\/\/riffsandbeats.com\/es\/#website"},"datePublished":"2025-05-28T20:58:13+00:00","dateModified":"2025-05-28T21:08:05+00:00","breadcrumb":{"@id":"https:\/\/riffsandbeats.com\/es\/aviso-legal\/#breadcrumb"},"inLanguage":"es","potentialAction":[{"@type":"ReadAction","target":["https:\/\/riffsandbeats.com\/es\/aviso-legal\/"]}]},{"@type":"BreadcrumbList","@id":"https:\/\/riffsandbeats.com\/es\/aviso-legal\/#breadcrumb","itemListElement":[{"@type":"ListItem","position":1,"name":"Home","item":"https:\/\/riffsandbeats.com\/es\/"},{"@type":"ListItem","position":2,"name":"Aviso legal"}]},{"@type":"WebSite","@id":"https:\/\/riffsandbeats.com\/es\/#website","url":"https:\/\/riffsandbeats.com\/es\/","name":"RIFFS AND BEATS","description":"Soundtrack Of Our Lives","publisher":{"@id":"https:\/\/riffsandbeats.com\/es\/#organization"},"potentialAction":[{"@type":"SearchAction","target":{"@type":"EntryPoint","urlTemplate":"https:\/\/riffsandbeats.com\/es\/?s={search_term_string}"},"query-input":{"@type":"PropertyValueSpecification","valueRequired":true,"valueName":"search_term_string"}}],"inLanguage":"es"},{"@type":"Organization","@id":"https:\/\/riffsandbeats.com\/es\/#organization","name":"RIFFS AND BEATS","url":"https:\/\/riffsandbeats.com\/es\/","logo":{"@type":"ImageObject","inLanguage":"es","@id":"https:\/\/riffsandbeats.com\/es\/#\/schema\/logo\/image\/","url":"https:\/\/riffsandbeats.com\/wp-content\/uploads\/2025\/05\/Logo-RIFFS-BEATS-500x500-1.png","contentUrl":"https:\/\/riffsandbeats.com\/wp-content\/uploads\/2025\/05\/Logo-RIFFS-BEATS-500x500-1.png","width":500,"height":500,"caption":"RIFFS AND BEATS"},"image":{"@id":"https:\/\/riffsandbeats.com\/es\/#\/schema\/logo\/image\/"},"sameAs":["https:\/\/www.facebook.com\/profile.php?id=61576819018054","https:\/\/x.com\/riffsandbeats99","https:\/\/www.instagram.com\/riffsandbeatsofficial","https:\/\/www.youtube.com\/@RiffsandBeats","https:\/\/www.tiktok.com\/@riffsandbeats"]}]}},"campaignId":"","_links":{"self":[{"href":"https:\/\/riffsandbeats.com\/es\/wp-json\/wp\/v2\/pages\/5958","targetHints":{"allow":["GET"]}}],"collection":[{"href":"https:\/\/riffsandbeats.com\/es\/wp-json\/wp\/v2\/pages"}],"about":[{"href":"https:\/\/riffsandbeats.com\/es\/wp-json\/wp\/v2\/types\/page"}],"author":[{"embeddable":true,"href":"https:\/\/riffsandbeats.com\/es\/wp-json\/wp\/v2\/users\/1"}],"replies":[{"embeddable":true,"href":"https:\/\/riffsandbeats.com\/es\/wp-json\/wp\/v2\/comments?post=5958"}],"version-history":[{"count":2,"href":"https:\/\/riffsandbeats.com\/es\/wp-json\/wp\/v2\/pages\/5958\/revisions"}],"predecessor-version":[{"id":5960,"href":"https:\/\/riffsandbeats.com\/es\/wp-json\/wp\/v2\/pages\/5958\/revisions\/5960"}],"wp:attachment":[{"href":"https:\/\/riffsandbeats.com\/es\/wp-json\/wp\/v2\/media?parent=5958"}],"curies":[{"name":"wp","href":"https:\/\/api.w.org\/{rel}","templated":true}]}}