{"id":5966,"date":"2025-05-26T10:11:09","date_gmt":"2025-05-26T08:11:09","guid":{"rendered":"https:\/\/riffsandbeats.com\/?page_id=5966"},"modified":"2025-05-28T23:20:19","modified_gmt":"2025-05-28T21:20:19","slug":"politica-de-privacidad","status":"publish","type":"page","link":"https:\/\/riffsandbeats.com\/es\/politica-de-privacidad\/","title":{"rendered":"Pol\u00edtica de privacidad"},"content":{"rendered":"<section class=\"wpb-content-wrapper\"><p>[vc_row][vc_column][vc_column_text]<\/p>\r\n<p style=\"text-align: justify;\"><strong>\u00bfQui\u00e9nes somos?<\/strong> <br \/>La direcci\u00f3n de nuestro sitio es: https:\/\/riffsandbeats.com<\/p>\r\n<p style=\"text-align: justify;\"><strong>Comentarios<\/strong> <br \/>Cuando dejas un comentario en nuestro sitio, se recopilan los datos ingresados en el formulario de comentarios, as\u00ed como tu direcci\u00f3n IP y el agente de usuario del navegador, para ayudarnos a detectar comentarios spam. <br \/>Una cadena anonimizadda creada a partir de tu direcci\u00f3n de correo electr\u00f3nico (tambi\u00e9n llamada hash) puede ser enviada al servicio Gravatar para comprobar si lo est\u00e1s usando. La pol\u00edtica de privacidad del servicio Gravatar est\u00e1 disponible aqu\u00ed: https:\/\/automattic.com\/privacy\/. Despu\u00e9s de que tu comentario sea aprobado, tu foto de perfil ser\u00e1 visible p\u00fablicamente junto a tu comentario.<\/p>\r\n<p style=\"text-align: justify;\"><strong>Medios<\/strong> <br \/>Si subes im\u00e1genes al sitio, te recomendamos evitar subir im\u00e1genes que contengan datos EXIF de ubicaci\u00f3n GPS. Los visitantes de tu sitio pueden descargar y extraer datos de ubicaci\u00f3n de estas im\u00e1genes.<\/p>\r\n<p style=\"text-align: justify;\"><strong>Cookies<\/strong> <br \/>Si dejas un comentario en nuestro sitio, se te ofrecer\u00e1 guardar tu nombre, direcci\u00f3n de correo electr\u00f3nico y sitio web en cookies. Esto es solo para tu comodidad para que no tengas que rellenar estos datos nuevamente cuando dejes otro comentario m\u00e1s tarde. Estas cookies expiran despu\u00e9s de un a\u00f1o. <br \/>Si visitas la p\u00e1gina de inicio de sesi\u00f3n, se crear\u00e1 una cookie temporal para determinar si tu navegador acepta cookies. No contiene datos personales y se eliminar\u00e1 autom\u00e1ticamente al cerrar tu navegador. <br \/>Cuando inicies sesi\u00f3n, configuraremos varias cookies para guardar tu informaci\u00f3n de inicio y tus preferencias de visualizaci\u00f3n de pantalla. La cookie de inicio dura dos d\u00edas, y la cookie de opci\u00f3n de pantalla dura un a\u00f1o. Si marcas \u201cRecordarme\u201d, tu cookie de inicio durar\u00e1 dos semanas. Si cierras sesi\u00f3n, la cookie de inicio ser\u00e1 eliminada. <br \/>Cuando editas o publicas una entrada, se guardar\u00e1 una cookie adicional en tu navegador. Esta cookie no contiene datos personales. Simplemente indica el ID de la entrada que acabas de editar. Expira despu\u00e9s de un d\u00eda.<\/p>\r\n<p style=\"text-align: justify;\"><strong>Contenido incrustado de otros sitios<\/strong> <br \/>Los art\u00edculos en este sitio pueden incluir contenido incrustado (por ejemplo, videos, im\u00e1genes, art\u00edculos\u2026). El contenido incrustado de otros sitios se comporta exactamente como si el visitante visitara ese otro sitio. <br \/>Estos sitios web pueden recopilar datos sobre ti, usar cookies, incrustar herramientas de seguimiento de terceros y monitorear tu interacci\u00f3n con el contenido incrustado si tienes una cuenta y has iniciado sesi\u00f3n en ese sitio.<\/p>\r\n<p style=\"text-align: justify;\"><strong>Uso y transmisi\u00f3n de tus datos personales<\/strong> <br \/>Si solicitas un restablecimiento de contrase\u00f1a, tu direcci\u00f3n IP ser\u00e1 incluida en el correo electr\u00f3nico de restablecimiento.<\/p>\r\n<p style=\"text-align: justify;\"><strong>Per\u00edodos de retenci\u00f3n de datos<\/strong> <br \/>Si dejas un comentario, el comentario y sus metadatos se retienen indefinidamente. Esto nos permite reconocer y aprobar autom\u00e1ticamente cualquier comentario de seguimiento en lugar de mantenerlo en una cola de moderaci\u00f3n. <br \/>Para los usuarios que se registran en nuestro sitio (si los hay), tambi\u00e9n almacenamos la informaci\u00f3n personal que proporcionan en su perfil de usuario. Todos los usuarios pueden ver, editar o eliminar su informaci\u00f3n personal en cualquier momento (excepto que no pueden cambiar su nombre de usuario). Los administradores del sitio tambi\u00e9n pueden ver y editar esa informaci\u00f3n.<\/p>\r\n<p style=\"text-align: justify;\"><strong>Tus derechos sobre tus datos<\/strong> <br \/>Si tienes una cuenta o has dejado comentarios en el sitio, puedes solicitar recibir un archivo exportado de los datos personales que tenemos sobre ti, incluyendo cualquier dato que nos hayas proporcionado. Tambi\u00e9n puedes solicitar la eliminaci\u00f3n de tus datos personales. Esto no incluye ning\u00fan dato que estemos obligados a conservar por razones administrativas, legales o de seguridad.<\/p>\r\n<p style=\"text-align: justify;\"><strong>D\u00f3nde se env\u00edan tus datos<\/strong> <br \/>Los comentarios de los visitantes pueden ser revisados mediante un servicio automatizado de detecci\u00f3n de spam.<\/p>\r\n<p>[\/vc_column_text][\/vc_column][\/vc_row]<\/p><\/section>","protected":false},"excerpt":{"rendered":"<p>[vc_row][vc_column][vc_column_text] \u00bfQui\u00e9nes somos? La direcci\u00f3n de nuestro sitio es: https:\/\/riffsandbeats.com Comentarios Cuando dejas un comentario en nuestro sitio, se recopilan los datos ingresados en el formulario de comentarios, as\u00ed como tu direcci\u00f3n IP y el agente de usuario del navegador, para ayudarnos a detectar comentarios [&hellip;]<\/p>\n","protected":false},"author":1,"featured_media":0,"parent":0,"menu_order":0,"comment_status":"closed","ping_status":"open","template":"","meta":{"give_campaign_id":0,"footnotes":""},"class_list":["post-5966","page","type-page","status-publish","hentry"],"yoast_head":"<!-- This site is optimized with the Yoast SEO plugin v27.5 - https:\/\/yoast.com\/product\/yoast-seo-wordpress\/ -->\n<title>Pol\u00edtica de privacidad - RIFFS AND BEATS<\/title>\n<meta name=\"robots\" content=\"index, follow, max-snippet:-1, max-image-preview:large, max-video-preview:-1\" \/>\n<link rel=\"canonical\" href=\"https:\/\/riffsandbeats.com\/es\/politica-de-privacidad\/\" \/>\n<meta property=\"og:locale\" content=\"es_ES\" \/>\n<meta property=\"og:type\" content=\"article\" \/>\n<meta property=\"og:title\" content=\"Pol\u00edtica de privacidad - RIFFS AND BEATS\" \/>\n<meta property=\"og:description\" content=\"[vc_row][vc_column][vc_column_text] \u00bfQui\u00e9nes somos? La direcci\u00f3n de nuestro sitio es: https:\/\/riffsandbeats.com Comentarios Cuando dejas un comentario en nuestro sitio, se recopilan los datos ingresados en el formulario de comentarios, as\u00ed como tu direcci\u00f3n IP y el agente de usuario del navegador, para ayudarnos a detectar comentarios [&hellip;]\" \/>\n<meta property=\"og:url\" content=\"https:\/\/riffsandbeats.com\/es\/politica-de-privacidad\/\" \/>\n<meta property=\"og:site_name\" content=\"RIFFS AND BEATS\" \/>\n<meta property=\"article:publisher\" content=\"https:\/\/www.facebook.com\/profile.php?id=61576819018054\" \/>\n<meta property=\"article:modified_time\" content=\"2025-05-28T21:20:19+00:00\" \/>\n<meta property=\"og:image\" content=\"https:\/\/riffsandbeats.com\/wp-content\/uploads\/2025\/06\/Couverture-Fb-2.png\" \/>\n\t<meta property=\"og:image:width\" content=\"1640\" \/>\n\t<meta property=\"og:image:height\" content=\"924\" \/>\n\t<meta property=\"og:image:type\" content=\"image\/png\" \/>\n<meta name=\"twitter:card\" content=\"summary_large_image\" \/>\n<meta name=\"twitter:site\" content=\"@riffsandbeats99\" \/>\n<meta name=\"twitter:label1\" content=\"Tiempo de lectura\" \/>\n\t<meta name=\"twitter:data1\" content=\"3 minutos\" \/>\n<script type=\"application\/ld+json\" class=\"yoast-schema-graph\">{\"@context\":\"https:\\\/\\\/schema.org\",\"@graph\":[{\"@type\":\"WebPage\",\"@id\":\"https:\\\/\\\/riffsandbeats.com\\\/es\\\/politica-de-privacidad\\\/\",\"url\":\"https:\\\/\\\/riffsandbeats.com\\\/es\\\/politica-de-privacidad\\\/\",\"name\":\"Pol\u00edtica de privacidad - RIFFS AND BEATS\",\"isPartOf\":{\"@id\":\"https:\\\/\\\/riffsandbeats.com\\\/es\\\/#website\"},\"datePublished\":\"2025-05-26T08:11:09+00:00\",\"dateModified\":\"2025-05-28T21:20:19+00:00\",\"breadcrumb\":{\"@id\":\"https:\\\/\\\/riffsandbeats.com\\\/es\\\/politica-de-privacidad\\\/#breadcrumb\"},\"inLanguage\":\"es\",\"potentialAction\":[{\"@type\":\"ReadAction\",\"target\":[\"https:\\\/\\\/riffsandbeats.com\\\/es\\\/politica-de-privacidad\\\/\"]}]},{\"@type\":\"BreadcrumbList\",\"@id\":\"https:\\\/\\\/riffsandbeats.com\\\/es\\\/politica-de-privacidad\\\/#breadcrumb\",\"itemListElement\":[{\"@type\":\"ListItem\",\"position\":1,\"name\":\"Home\",\"item\":\"https:\\\/\\\/riffsandbeats.com\\\/es\\\/\"},{\"@type\":\"ListItem\",\"position\":2,\"name\":\"Pol\u00edtica de privacidad\"}]},{\"@type\":\"WebSite\",\"@id\":\"https:\\\/\\\/riffsandbeats.com\\\/es\\\/#website\",\"url\":\"https:\\\/\\\/riffsandbeats.com\\\/es\\\/\",\"name\":\"RIFFS AND BEATS\",\"description\":\"Soundtrack Of Our Lives\",\"publisher\":{\"@id\":\"https:\\\/\\\/riffsandbeats.com\\\/es\\\/#organization\"},\"potentialAction\":[{\"@type\":\"SearchAction\",\"target\":{\"@type\":\"EntryPoint\",\"urlTemplate\":\"https:\\\/\\\/riffsandbeats.com\\\/es\\\/?s={search_term_string}\"},\"query-input\":{\"@type\":\"PropertyValueSpecification\",\"valueRequired\":true,\"valueName\":\"search_term_string\"}}],\"inLanguage\":\"es\"},{\"@type\":\"Organization\",\"@id\":\"https:\\\/\\\/riffsandbeats.com\\\/es\\\/#organization\",\"name\":\"RIFFS AND BEATS\",\"url\":\"https:\\\/\\\/riffsandbeats.com\\\/es\\\/\",\"logo\":{\"@type\":\"ImageObject\",\"inLanguage\":\"es\",\"@id\":\"https:\\\/\\\/riffsandbeats.com\\\/es\\\/#\\\/schema\\\/logo\\\/image\\\/\",\"url\":\"https:\\\/\\\/riffsandbeats.com\\\/wp-content\\\/uploads\\\/2025\\\/05\\\/Logo-RIFFS-BEATS-500x500-1.png\",\"contentUrl\":\"https:\\\/\\\/riffsandbeats.com\\\/wp-content\\\/uploads\\\/2025\\\/05\\\/Logo-RIFFS-BEATS-500x500-1.png\",\"width\":500,\"height\":500,\"caption\":\"RIFFS AND BEATS\"},\"image\":{\"@id\":\"https:\\\/\\\/riffsandbeats.com\\\/es\\\/#\\\/schema\\\/logo\\\/image\\\/\"},\"sameAs\":[\"https:\\\/\\\/www.facebook.com\\\/profile.php?id=61576819018054\",\"https:\\\/\\\/x.com\\\/riffsandbeats99\",\"https:\\\/\\\/www.instagram.com\\\/riffsandbeatsofficial\",\"https:\\\/\\\/www.youtube.com\\\/@RiffsandBeats\",\"https:\\\/\\\/www.tiktok.com\\\/@riffsandbeats\"]}]}<\/script>\n<!-- \/ Yoast SEO plugin. -->","yoast_head_json":{"title":"Pol\u00edtica de privacidad - RIFFS AND BEATS","robots":{"index":"index","follow":"follow","max-snippet":"max-snippet:-1","max-image-preview":"max-image-preview:large","max-video-preview":"max-video-preview:-1"},"canonical":"https:\/\/riffsandbeats.com\/es\/politica-de-privacidad\/","og_locale":"es_ES","og_type":"article","og_title":"Pol\u00edtica de privacidad - RIFFS AND BEATS","og_description":"[vc_row][vc_column][vc_column_text] \u00bfQui\u00e9nes somos? La direcci\u00f3n de nuestro sitio es: https:\/\/riffsandbeats.com Comentarios Cuando dejas un comentario en nuestro sitio, se recopilan los datos ingresados en el formulario de comentarios, as\u00ed como tu direcci\u00f3n IP y el agente de usuario del navegador, para ayudarnos a detectar comentarios [&hellip;]","og_url":"https:\/\/riffsandbeats.com\/es\/politica-de-privacidad\/","og_site_name":"RIFFS AND BEATS","article_publisher":"https:\/\/www.facebook.com\/profile.php?id=61576819018054","article_modified_time":"2025-05-28T21:20:19+00:00","og_image":[{"width":1640,"height":924,"url":"https:\/\/riffsandbeats.com\/wp-content\/uploads\/2025\/06\/Couverture-Fb-2.png","type":"image\/png"}],"twitter_card":"summary_large_image","twitter_site":"@riffsandbeats99","twitter_misc":{"Tiempo de lectura":"3 minutos"},"schema":{"@context":"https:\/\/schema.org","@graph":[{"@type":"WebPage","@id":"https:\/\/riffsandbeats.com\/es\/politica-de-privacidad\/","url":"https:\/\/riffsandbeats.com\/es\/politica-de-privacidad\/","name":"Pol\u00edtica de privacidad - RIFFS AND BEATS","isPartOf":{"@id":"https:\/\/riffsandbeats.com\/es\/#website"},"datePublished":"2025-05-26T08:11:09+00:00","dateModified":"2025-05-28T21:20:19+00:00","breadcrumb":{"@id":"https:\/\/riffsandbeats.com\/es\/politica-de-privacidad\/#breadcrumb"},"inLanguage":"es","potentialAction":[{"@type":"ReadAction","target":["https:\/\/riffsandbeats.com\/es\/politica-de-privacidad\/"]}]},{"@type":"BreadcrumbList","@id":"https:\/\/riffsandbeats.com\/es\/politica-de-privacidad\/#breadcrumb","itemListElement":[{"@type":"ListItem","position":1,"name":"Home","item":"https:\/\/riffsandbeats.com\/es\/"},{"@type":"ListItem","position":2,"name":"Pol\u00edtica de privacidad"}]},{"@type":"WebSite","@id":"https:\/\/riffsandbeats.com\/es\/#website","url":"https:\/\/riffsandbeats.com\/es\/","name":"RIFFS AND BEATS","description":"Soundtrack Of Our Lives","publisher":{"@id":"https:\/\/riffsandbeats.com\/es\/#organization"},"potentialAction":[{"@type":"SearchAction","target":{"@type":"EntryPoint","urlTemplate":"https:\/\/riffsandbeats.com\/es\/?s={search_term_string}"},"query-input":{"@type":"PropertyValueSpecification","valueRequired":true,"valueName":"search_term_string"}}],"inLanguage":"es"},{"@type":"Organization","@id":"https:\/\/riffsandbeats.com\/es\/#organization","name":"RIFFS AND BEATS","url":"https:\/\/riffsandbeats.com\/es\/","logo":{"@type":"ImageObject","inLanguage":"es","@id":"https:\/\/riffsandbeats.com\/es\/#\/schema\/logo\/image\/","url":"https:\/\/riffsandbeats.com\/wp-content\/uploads\/2025\/05\/Logo-RIFFS-BEATS-500x500-1.png","contentUrl":"https:\/\/riffsandbeats.com\/wp-content\/uploads\/2025\/05\/Logo-RIFFS-BEATS-500x500-1.png","width":500,"height":500,"caption":"RIFFS AND BEATS"},"image":{"@id":"https:\/\/riffsandbeats.com\/es\/#\/schema\/logo\/image\/"},"sameAs":["https:\/\/www.facebook.com\/profile.php?id=61576819018054","https:\/\/x.com\/riffsandbeats99","https:\/\/www.instagram.com\/riffsandbeatsofficial","https:\/\/www.youtube.com\/@RiffsandBeats","https:\/\/www.tiktok.com\/@riffsandbeats"]}]}},"campaignId":"","_links":{"self":[{"href":"https:\/\/riffsandbeats.com\/es\/wp-json\/wp\/v2\/pages\/5966","targetHints":{"allow":["GET"]}}],"collection":[{"href":"https:\/\/riffsandbeats.com\/es\/wp-json\/wp\/v2\/pages"}],"about":[{"href":"https:\/\/riffsandbeats.com\/es\/wp-json\/wp\/v2\/types\/page"}],"author":[{"embeddable":true,"href":"https:\/\/riffsandbeats.com\/es\/wp-json\/wp\/v2\/users\/1"}],"replies":[{"embeddable":true,"href":"https:\/\/riffsandbeats.com\/es\/wp-json\/wp\/v2\/comments?post=5966"}],"version-history":[{"count":2,"href":"https:\/\/riffsandbeats.com\/es\/wp-json\/wp\/v2\/pages\/5966\/revisions"}],"predecessor-version":[{"id":5968,"href":"https:\/\/riffsandbeats.com\/es\/wp-json\/wp\/v2\/pages\/5966\/revisions\/5968"}],"wp:attachment":[{"href":"https:\/\/riffsandbeats.com\/es\/wp-json\/wp\/v2\/media?parent=5966"}],"curies":[{"name":"wp","href":"https:\/\/api.w.org\/{rel}","templated":true}]}}