{"id":5955,"date":"2025-05-28T22:58:13","date_gmt":"2025-05-28T20:58:13","guid":{"rendered":"https:\/\/riffsandbeats.com\/mentions-legales\/"},"modified":"2025-05-28T23:06:17","modified_gmt":"2025-05-28T21:06:17","slug":"mentions-legales","status":"publish","type":"page","link":"https:\/\/riffsandbeats.com\/fr\/mentions-legales\/","title":{"rendered":"Mentions l\u00e9gales"},"content":{"rendered":"<section class=\"wpb-content-wrapper\"><p>[vc_row css=\u00a0\u00bb.vc_custom_1748466036884{padding-bottom: 48px !important;}\u00a0\u00bb][vc_column][vc_column_text]<\/p>\n<p><\/p>\n<p style=\"text-align: justify;\" data-start=\"104\" data-end=\"125\"><strong data-start=\"104\" data-end=\"125\">\u00c9diteur du site<\/strong><\/p>\n<p><\/p>\n<p style=\"text-align: justify;\" data-start=\"127\" data-end=\"172\">Le site <em data-start=\"139\" data-end=\"155\">riffsandbeats.com<\/em> est \u00e9dit\u00e9 par :<\/p>\n<p><\/p>\n<p style=\"text-align: justify;\" data-start=\"174\" data-end=\"279\"><strong data-start=\"174\" data-end=\"192\">Philippe Gorce<\/strong><br data-start=\"192\" data-end=\"195\" \/>5 Chemin du Vieux Puits<br data-start=\"218\" data-end=\"221\" \/>41360 Savigny Sur Braye \u2013 France<br data-start=\"253\" data-end=\"256\" \/>SIRET : 45064207900088<\/p>\n<p><\/p>\n<p style=\"text-align: justify;\" data-start=\"382\" data-end=\"397\"><strong data-start=\"382\" data-end=\"397\">H\u00e9bergement du site<\/strong><\/p>\n<p><\/p>\n<p style=\"text-align: justify;\" data-start=\"399\" data-end=\"441\">Le site <em data-start=\"139\" data-end=\"155\">riffsandbeats.com<\/em> est h\u00e9berg\u00e9 par :<\/p>\n<p><\/p>\n<p style=\"text-align: justify;\" data-start=\"443\" data-end=\"496\"><strong data-start=\"443\" data-end=\"450\">OVH<\/strong><br data-start=\"450\" data-end=\"453\" \/>2 rue Kellermann<br data-start=\"469\" data-end=\"472\" \/>59100 Roubaix \u2013 France<\/p>\n<p><\/p>\n<p style=\"text-align: justify;\" data-start=\"498\" data-end=\"515\"><strong data-start=\"498\" data-end=\"515\">Donn\u00e9es personnelles<\/strong><\/p>\n<p><\/p>\n<p style=\"text-align: justify;\" data-start=\"517\" data-end=\"777\">Vous pouvez acc\u00e9der aux modalit\u00e9s de collecte et de traitement de vos donn\u00e9es personnelles via la politique de confidentialit\u00e9 du site, disponible \u00e0 l\u2019adresse suivante :<br data-start=\"684\" data-end=\"687\" \/>Philippe Gorce \/ Riffs and Beats, 5 Chemin du Vieux Puits, 41360 Savigny Sur Braye \u2013 France<\/p>\n<p><\/p>\n<p style=\"text-align: justify;\" data-start=\"779\" data-end=\"810\"><strong data-start=\"779\" data-end=\"810\">R\u00e9solution des litiges de consommation<\/strong><\/p>\n<p><\/p>\n<p style=\"text-align: justify;\" data-start=\"812\" data-end=\"1015\">En cas de litige, vous trouverez les coordonn\u00e9es du m\u00e9diateur de la consommation \u00e0 l\u2019adresse suivante :<br data-start=\"922\" data-end=\"925\" \/>Philippe Gorce \/ Riffs and Beats, 5 Chemin du Vieux Puits, 41360 Savigny Sur Braye \u2013 France<\/p>\n<p><\/p>\n<p style=\"text-align: justify;\" data-start=\"1017\" data-end=\"1042\"><strong data-start=\"1017\" data-end=\"1042\">Propri\u00e9t\u00e9 intellectuelle<\/strong><\/p>\n<p><\/p>\n<p style=\"text-align: justify;\" data-start=\"1044\" data-end=\"1466\">Ce site web, ses marques, bases de donn\u00e9es, ainsi que l\u2019ensemble de son contenu sont la propri\u00e9t\u00e9 exclusive de Philippe Gorce. Toute reproduction ou repr\u00e9sentation totale ou partielle de ces \u00e9l\u00e9ments, par quelque proc\u00e9d\u00e9 que ce soit, sans l\u2019autorisation pr\u00e9alable et \u00e9crite de Philippe Gorce, est strictement interdite et constitue une contrefa\u00e7on susceptible de poursuites civiles et p\u00e9nales en vertu du Code de la propri\u00e9t\u00e9 intellectuelle fran\u00e7ais.<\/p>\n<p><\/p>\n<p style=\"text-align: justify;\" data-start=\"1468\" data-end=\"1479\"><strong data-start=\"1468\" data-end=\"1479\">Cr\u00e9dits<\/strong><\/p>\n<p><\/p>\n<p style=\"text-align: justify;\" data-start=\"1481\" data-end=\"1495\">Philippe Gorce<\/p>\n<p><\/p>\n<p>[\/vc_column_text][vc_empty_space height=\u00a0\u00bb96px\u00a0\u00bb][\/vc_column][\/vc_row]<\/p>\n<\/section>","protected":false},"excerpt":{"rendered":"<p>[vc_row css=\u00a0\u00bb.vc_custom_1748466036884{padding-bottom: 48px !important;}\u00a0\u00bb][vc_column][vc_column_text] \u00c9diteur du site Le site riffsandbeats.com est \u00e9dit\u00e9 par : Philippe Gorce5 Chemin du Vieux Puits41360 Savigny Sur Braye \u2013 FranceSIRET : 45064207900088 H\u00e9bergement du site Le site riffsandbeats.com est h\u00e9berg\u00e9 par : OVH2 rue Kellermann59100 Roubaix \u2013 France Donn\u00e9es personnelles [&hellip;]<\/p>\n","protected":false},"author":1,"featured_media":0,"parent":0,"menu_order":0,"comment_status":"closed","ping_status":"closed","template":"","meta":{"give_campaign_id":0,"footnotes":""},"class_list":["post-5955","page","type-page","status-publish","hentry"],"yoast_head":"<!-- This site is optimized with the Yoast SEO plugin v27.5 - https:\/\/yoast.com\/product\/yoast-seo-wordpress\/ -->\n<title>Mentions l\u00e9gales - RIFFS AND BEATS<\/title>\n<meta name=\"robots\" content=\"index, follow, max-snippet:-1, max-image-preview:large, max-video-preview:-1\" \/>\n<link rel=\"canonical\" href=\"https:\/\/riffsandbeats.com\/fr\/mentions-legales\/\" \/>\n<meta property=\"og:locale\" content=\"fr_FR\" \/>\n<meta property=\"og:type\" content=\"article\" \/>\n<meta property=\"og:title\" content=\"Mentions l\u00e9gales - RIFFS AND BEATS\" \/>\n<meta property=\"og:description\" content=\"[vc_row css=\u00a0\u00bb.vc_custom_1748466036884{padding-bottom: 48px !important;}\u00a0\u00bb][vc_column][vc_column_text] \u00c9diteur du site Le site riffsandbeats.com est \u00e9dit\u00e9 par : Philippe Gorce5 Chemin du Vieux Puits41360 Savigny Sur Braye \u2013 FranceSIRET : 45064207900088 H\u00e9bergement du site Le site riffsandbeats.com est h\u00e9berg\u00e9 par : OVH2 rue Kellermann59100 Roubaix \u2013 France Donn\u00e9es personnelles [&hellip;]\" \/>\n<meta property=\"og:url\" content=\"https:\/\/riffsandbeats.com\/fr\/mentions-legales\/\" \/>\n<meta property=\"og:site_name\" content=\"RIFFS AND BEATS\" \/>\n<meta property=\"article:publisher\" content=\"https:\/\/www.facebook.com\/profile.php?id=61576819018054\" \/>\n<meta property=\"article:modified_time\" content=\"2025-05-28T21:06:17+00:00\" \/>\n<meta property=\"og:image\" content=\"https:\/\/riffsandbeats.com\/wp-content\/uploads\/2025\/06\/Couverture-Fb-2.png\" \/>\n\t<meta property=\"og:image:width\" content=\"1640\" \/>\n\t<meta property=\"og:image:height\" content=\"924\" \/>\n\t<meta property=\"og:image:type\" content=\"image\/png\" \/>\n<meta name=\"twitter:card\" content=\"summary_large_image\" \/>\n<meta name=\"twitter:site\" content=\"@riffsandbeats99\" \/>\n<meta name=\"twitter:label1\" content=\"Dur\u00e9e de lecture estim\u00e9e\" \/>\n\t<meta name=\"twitter:data1\" content=\"1 minute\" \/>\n<script type=\"application\/ld+json\" class=\"yoast-schema-graph\">{\"@context\":\"https:\\\/\\\/schema.org\",\"@graph\":[{\"@type\":\"WebPage\",\"@id\":\"https:\\\/\\\/riffsandbeats.com\\\/fr\\\/mentions-legales\\\/\",\"url\":\"https:\\\/\\\/riffsandbeats.com\\\/fr\\\/mentions-legales\\\/\",\"name\":\"Mentions l\u00e9gales - RIFFS AND BEATS\",\"isPartOf\":{\"@id\":\"https:\\\/\\\/riffsandbeats.com\\\/fr\\\/#website\"},\"datePublished\":\"2025-05-28T20:58:13+00:00\",\"dateModified\":\"2025-05-28T21:06:17+00:00\",\"breadcrumb\":{\"@id\":\"https:\\\/\\\/riffsandbeats.com\\\/fr\\\/mentions-legales\\\/#breadcrumb\"},\"inLanguage\":\"fr-FR\",\"potentialAction\":[{\"@type\":\"ReadAction\",\"target\":[\"https:\\\/\\\/riffsandbeats.com\\\/fr\\\/mentions-legales\\\/\"]}]},{\"@type\":\"BreadcrumbList\",\"@id\":\"https:\\\/\\\/riffsandbeats.com\\\/fr\\\/mentions-legales\\\/#breadcrumb\",\"itemListElement\":[{\"@type\":\"ListItem\",\"position\":1,\"name\":\"Home\",\"item\":\"https:\\\/\\\/riffsandbeats.com\\\/fr\\\/\"},{\"@type\":\"ListItem\",\"position\":2,\"name\":\"Mentions l\u00e9gales\"}]},{\"@type\":\"WebSite\",\"@id\":\"https:\\\/\\\/riffsandbeats.com\\\/fr\\\/#website\",\"url\":\"https:\\\/\\\/riffsandbeats.com\\\/fr\\\/\",\"name\":\"RIFFS AND BEATS\",\"description\":\"Soundtrack Of Our Lives\",\"publisher\":{\"@id\":\"https:\\\/\\\/riffsandbeats.com\\\/fr\\\/#organization\"},\"potentialAction\":[{\"@type\":\"SearchAction\",\"target\":{\"@type\":\"EntryPoint\",\"urlTemplate\":\"https:\\\/\\\/riffsandbeats.com\\\/fr\\\/?s={search_term_string}\"},\"query-input\":{\"@type\":\"PropertyValueSpecification\",\"valueRequired\":true,\"valueName\":\"search_term_string\"}}],\"inLanguage\":\"fr-FR\"},{\"@type\":\"Organization\",\"@id\":\"https:\\\/\\\/riffsandbeats.com\\\/fr\\\/#organization\",\"name\":\"RIFFS AND BEATS\",\"url\":\"https:\\\/\\\/riffsandbeats.com\\\/fr\\\/\",\"logo\":{\"@type\":\"ImageObject\",\"inLanguage\":\"fr-FR\",\"@id\":\"https:\\\/\\\/riffsandbeats.com\\\/fr\\\/#\\\/schema\\\/logo\\\/image\\\/\",\"url\":\"https:\\\/\\\/riffsandbeats.com\\\/wp-content\\\/uploads\\\/2025\\\/05\\\/Logo-RIFFS-BEATS-500x500-1.png\",\"contentUrl\":\"https:\\\/\\\/riffsandbeats.com\\\/wp-content\\\/uploads\\\/2025\\\/05\\\/Logo-RIFFS-BEATS-500x500-1.png\",\"width\":500,\"height\":500,\"caption\":\"RIFFS AND BEATS\"},\"image\":{\"@id\":\"https:\\\/\\\/riffsandbeats.com\\\/fr\\\/#\\\/schema\\\/logo\\\/image\\\/\"},\"sameAs\":[\"https:\\\/\\\/www.facebook.com\\\/profile.php?id=61576819018054\",\"https:\\\/\\\/x.com\\\/riffsandbeats99\",\"https:\\\/\\\/www.instagram.com\\\/riffsandbeatsofficial\",\"https:\\\/\\\/www.youtube.com\\\/@RiffsandBeats\",\"https:\\\/\\\/www.tiktok.com\\\/@riffsandbeats\"]}]}<\/script>\n<!-- \/ Yoast SEO plugin. -->","yoast_head_json":{"title":"Mentions l\u00e9gales - RIFFS AND BEATS","robots":{"index":"index","follow":"follow","max-snippet":"max-snippet:-1","max-image-preview":"max-image-preview:large","max-video-preview":"max-video-preview:-1"},"canonical":"https:\/\/riffsandbeats.com\/fr\/mentions-legales\/","og_locale":"fr_FR","og_type":"article","og_title":"Mentions l\u00e9gales - RIFFS AND BEATS","og_description":"[vc_row css=\u00a0\u00bb.vc_custom_1748466036884{padding-bottom: 48px !important;}\u00a0\u00bb][vc_column][vc_column_text] \u00c9diteur du site Le site riffsandbeats.com est \u00e9dit\u00e9 par : Philippe Gorce5 Chemin du Vieux Puits41360 Savigny Sur Braye \u2013 FranceSIRET : 45064207900088 H\u00e9bergement du site Le site riffsandbeats.com est h\u00e9berg\u00e9 par : OVH2 rue Kellermann59100 Roubaix \u2013 France Donn\u00e9es personnelles [&hellip;]","og_url":"https:\/\/riffsandbeats.com\/fr\/mentions-legales\/","og_site_name":"RIFFS AND BEATS","article_publisher":"https:\/\/www.facebook.com\/profile.php?id=61576819018054","article_modified_time":"2025-05-28T21:06:17+00:00","og_image":[{"width":1640,"height":924,"url":"https:\/\/riffsandbeats.com\/wp-content\/uploads\/2025\/06\/Couverture-Fb-2.png","type":"image\/png"}],"twitter_card":"summary_large_image","twitter_site":"@riffsandbeats99","twitter_misc":{"Dur\u00e9e de lecture estim\u00e9e":"1 minute"},"schema":{"@context":"https:\/\/schema.org","@graph":[{"@type":"WebPage","@id":"https:\/\/riffsandbeats.com\/fr\/mentions-legales\/","url":"https:\/\/riffsandbeats.com\/fr\/mentions-legales\/","name":"Mentions l\u00e9gales - RIFFS AND BEATS","isPartOf":{"@id":"https:\/\/riffsandbeats.com\/fr\/#website"},"datePublished":"2025-05-28T20:58:13+00:00","dateModified":"2025-05-28T21:06:17+00:00","breadcrumb":{"@id":"https:\/\/riffsandbeats.com\/fr\/mentions-legales\/#breadcrumb"},"inLanguage":"fr-FR","potentialAction":[{"@type":"ReadAction","target":["https:\/\/riffsandbeats.com\/fr\/mentions-legales\/"]}]},{"@type":"BreadcrumbList","@id":"https:\/\/riffsandbeats.com\/fr\/mentions-legales\/#breadcrumb","itemListElement":[{"@type":"ListItem","position":1,"name":"Home","item":"https:\/\/riffsandbeats.com\/fr\/"},{"@type":"ListItem","position":2,"name":"Mentions l\u00e9gales"}]},{"@type":"WebSite","@id":"https:\/\/riffsandbeats.com\/fr\/#website","url":"https:\/\/riffsandbeats.com\/fr\/","name":"RIFFS AND BEATS","description":"Soundtrack Of Our Lives","publisher":{"@id":"https:\/\/riffsandbeats.com\/fr\/#organization"},"potentialAction":[{"@type":"SearchAction","target":{"@type":"EntryPoint","urlTemplate":"https:\/\/riffsandbeats.com\/fr\/?s={search_term_string}"},"query-input":{"@type":"PropertyValueSpecification","valueRequired":true,"valueName":"search_term_string"}}],"inLanguage":"fr-FR"},{"@type":"Organization","@id":"https:\/\/riffsandbeats.com\/fr\/#organization","name":"RIFFS AND BEATS","url":"https:\/\/riffsandbeats.com\/fr\/","logo":{"@type":"ImageObject","inLanguage":"fr-FR","@id":"https:\/\/riffsandbeats.com\/fr\/#\/schema\/logo\/image\/","url":"https:\/\/riffsandbeats.com\/wp-content\/uploads\/2025\/05\/Logo-RIFFS-BEATS-500x500-1.png","contentUrl":"https:\/\/riffsandbeats.com\/wp-content\/uploads\/2025\/05\/Logo-RIFFS-BEATS-500x500-1.png","width":500,"height":500,"caption":"RIFFS AND BEATS"},"image":{"@id":"https:\/\/riffsandbeats.com\/fr\/#\/schema\/logo\/image\/"},"sameAs":["https:\/\/www.facebook.com\/profile.php?id=61576819018054","https:\/\/x.com\/riffsandbeats99","https:\/\/www.instagram.com\/riffsandbeatsofficial","https:\/\/www.youtube.com\/@RiffsandBeats","https:\/\/www.tiktok.com\/@riffsandbeats"]}]}},"campaignId":"","_links":{"self":[{"href":"https:\/\/riffsandbeats.com\/fr\/wp-json\/wp\/v2\/pages\/5955","targetHints":{"allow":["GET"]}}],"collection":[{"href":"https:\/\/riffsandbeats.com\/fr\/wp-json\/wp\/v2\/pages"}],"about":[{"href":"https:\/\/riffsandbeats.com\/fr\/wp-json\/wp\/v2\/types\/page"}],"author":[{"embeddable":true,"href":"https:\/\/riffsandbeats.com\/fr\/wp-json\/wp\/v2\/users\/1"}],"replies":[{"embeddable":true,"href":"https:\/\/riffsandbeats.com\/fr\/wp-json\/wp\/v2\/comments?post=5955"}],"version-history":[{"count":2,"href":"https:\/\/riffsandbeats.com\/fr\/wp-json\/wp\/v2\/pages\/5955\/revisions"}],"predecessor-version":[{"id":5957,"href":"https:\/\/riffsandbeats.com\/fr\/wp-json\/wp\/v2\/pages\/5955\/revisions\/5957"}],"wp:attachment":[{"href":"https:\/\/riffsandbeats.com\/fr\/wp-json\/wp\/v2\/media?parent=5955"}],"curies":[{"name":"wp","href":"https:\/\/api.w.org\/{rel}","templated":true}]}}