{"id":5963,"date":"2025-05-26T10:11:09","date_gmt":"2025-05-26T08:11:09","guid":{"rendered":"https:\/\/riffsandbeats.com\/?page_id=5963"},"modified":"2025-05-28T23:17:49","modified_gmt":"2025-05-28T21:17:49","slug":"politique-de-confidentialite","status":"publish","type":"page","link":"https:\/\/riffsandbeats.com\/fr\/politique-de-confidentialite\/","title":{"rendered":"Politique de confidentialit\u00e9"},"content":{"rendered":"<section class=\"wpb-content-wrapper\"><p>[vc_row][vc_column][vc_column_text]<\/p>\r\n<p style=\"text-align: justify;\"><strong>Qui sommes-nous ?<\/strong> <br \/>L\u2019adresse de notre site est : https:\/\/riffsandbeats.com<\/p>\r\n<p style=\"text-align: justify;\"><strong>Commentaires<\/strong> <br \/>Lorsque vous laissez un commentaire sur notre site, les donn\u00e9es saisies dans le formulaire de commentaire, ainsi que votre adresse IP et l\u2019agent utilisateur de votre navigateur, sont collect\u00e9es pour nous aider \u00e0 d\u00e9tecter les commentaires ind\u00e9sirables. <br \/>Une cha\u00eene anonymis\u00e9e cr\u00e9\u00e9e \u00e0 partir de votre adresse email (appel\u00e9e aussi hash) peut \u00eatre envoy\u00e9e au service Gravatar pour v\u00e9rifier si vous l\u2019utilisez. La politique de confidentialit\u00e9 du service Gravatar est disponible ici : https:\/\/automattic.com\/privacy\/. Apr\u00e8s approbation de votre commentaire, votre photo de profil sera visible publiquement \u00e0 c\u00f4t\u00e9 de votre commentaire.<\/p>\r\n<p style=\"text-align: justify;\"><strong>M\u00e9dias<\/strong> <br \/>Si vous t\u00e9l\u00e9versez des images sur le site, nous vous recommandons d\u2019\u00e9viter de t\u00e9l\u00e9verser des images contenant des donn\u00e9es EXIF de localisation GPS. Les visiteurs de votre site peuvent t\u00e9l\u00e9charger et extraire ces donn\u00e9es de localisation \u00e0 partir des images.<\/p>\r\n<p style=\"text-align: justify;\"><strong>Cookies<\/strong> <br \/>Si vous laissez un commentaire sur notre site, il vous sera propos\u00e9 de sauvegarder votre nom, adresse email et site web dans des cookies. Ceci est uniquement pour votre confort afin de ne pas avoir \u00e0 remplir ces informations de nouveau lors d\u2019un futur commentaire. Ces cookies expirent au bout d\u2019un an. <br \/>Si vous visitez la page de connexion, un cookie temporaire sera cr\u00e9\u00e9 pour d\u00e9terminer si votre navigateur accepte les cookies. Il ne contient aucune donn\u00e9e personnelle et sera automatiquement supprim\u00e9 lorsque vous fermerez votre navigateur. <br \/>Lorsque vous vous connectez, plusieurs cookies seront mis en place pour sauvegarder vos informations de connexion et vos pr\u00e9f\u00e9rences d\u2019affichage \u00e0 l\u2019\u00e9cran. Le cookie de connexion dure deux jours, et le cookie des options d\u2019\u00e9cran dure un an. Si vous cochez \u00ab Se souvenir de moi \u00bb, le cookie de connexion durera deux semaines. Si vous vous d\u00e9connectez, le cookie de connexion sera supprim\u00e9. <br \/>Lorsque vous modifiez ou publiez un article, un cookie suppl\u00e9mentaire sera enregistr\u00e9 dans votre navigateur. Ce cookie ne contient aucune donn\u00e9e personnelle. Il indique simplement l\u2019ID de l\u2019article que vous venez de modifier. Il expire au bout d\u2019un jour.<\/p>\r\n<p style=\"text-align: justify;\"><strong>Contenu int\u00e9gr\u00e9 provenant d\u2019autres sites<\/strong> <br \/>Les articles de ce site peuvent inclure du contenu int\u00e9gr\u00e9 (par exemple, des vid\u00e9os, images, articles\u2026). Le contenu int\u00e9gr\u00e9 provenant d\u2019autres sites se comporte exactement comme si le visiteur visitait ce site. <br \/>Ces sites peuvent collecter des donn\u00e9es vous concernant, utiliser des cookies, int\u00e9grer des outils de suivi tiers et surveiller votre interaction avec ce contenu int\u00e9gr\u00e9 si vous avez un compte et \u00eates connect\u00e9 sur ce site.<\/p>\r\n<p style=\"text-align: justify;\"><strong>Utilisation et transmission de vos donn\u00e9es personnelles<\/strong> <br \/>Si vous demandez une r\u00e9initialisation de mot de passe, votre adresse IP sera incluse dans l\u2019email de r\u00e9initialisation.<\/p>\r\n<p style=\"text-align: justify;\"><strong>Dur\u00e9e de conservation des donn\u00e9es<\/strong> <br \/>Si vous laissez un commentaire, ce commentaire et ses m\u00e9tadonn\u00e9es sont conserv\u00e9s ind\u00e9finiment. Cela nous permet de reconna\u00eetre et d\u2019approuver automatiquement tout commentaire ult\u00e9rieur au lieu de les retenir dans une file de mod\u00e9ration. <br \/>Pour les utilisateurs qui s\u2019enregistrent sur notre site (le cas \u00e9ch\u00e9ant), nous conservons \u00e9galement les informations personnelles qu\u2019ils fournissent dans leur profil utilisateur. Tous les utilisateurs peuvent voir, modifier ou supprimer leurs informations personnelles \u00e0 tout moment (sauf qu\u2019ils ne peuvent pas changer leur nom d\u2019utilisateur). Les administrateurs du site peuvent \u00e9galement voir et modifier ces informations.<\/p>\r\n<p style=\"text-align: justify;\"><strong>Vos droits concernant vos donn\u00e9es<\/strong> <br \/>Si vous avez un compte ou avez laiss\u00e9 des commentaires sur le site, vous pouvez demander \u00e0 recevoir un fichier export\u00e9 des donn\u00e9es personnelles que nous d\u00e9tenons \u00e0 votre sujet, y compris toute donn\u00e9e que vous nous avez fournie. Vous pouvez aussi demander la suppression de vos donn\u00e9es personnelles. Cela n\u2019inclut pas les donn\u00e9es que nous sommes oblig\u00e9s de conserver pour des raisons administratives, l\u00e9gales ou de s\u00e9curit\u00e9.<\/p>\r\n<p style=\"text-align: justify;\"><strong>Destinataires de vos donn\u00e9es<\/strong> <br \/>Les commentaires des visiteurs peuvent \u00eatre v\u00e9rifi\u00e9s via un service automatis\u00e9 de d\u00e9tection de spam.<\/p>\r\n<p>[\/vc_column_text][\/vc_column][\/vc_row]<\/p><\/section>","protected":false},"excerpt":{"rendered":"<p>[vc_row][vc_column][vc_column_text] Qui sommes-nous ? L\u2019adresse de notre site est : https:\/\/riffsandbeats.com Commentaires Lorsque vous laissez un commentaire sur notre site, les donn\u00e9es saisies dans le formulaire de commentaire, ainsi que votre adresse IP et l\u2019agent utilisateur de votre navigateur, sont collect\u00e9es pour nous aider \u00e0 [&hellip;]<\/p>\n","protected":false},"author":1,"featured_media":0,"parent":0,"menu_order":0,"comment_status":"closed","ping_status":"open","template":"","meta":{"give_campaign_id":0,"footnotes":""},"class_list":["post-5963","page","type-page","status-publish","hentry"],"yoast_head":"<!-- This site is optimized with the Yoast SEO plugin v27.5 - https:\/\/yoast.com\/product\/yoast-seo-wordpress\/ -->\n<title>Politique de confidentialit\u00e9 - RIFFS AND BEATS<\/title>\n<meta name=\"robots\" content=\"index, follow, max-snippet:-1, max-image-preview:large, max-video-preview:-1\" \/>\n<link rel=\"canonical\" href=\"https:\/\/riffsandbeats.com\/fr\/politique-de-confidentialite\/\" \/>\n<meta property=\"og:locale\" content=\"fr_FR\" \/>\n<meta property=\"og:type\" content=\"article\" \/>\n<meta property=\"og:title\" content=\"Politique de confidentialit\u00e9 - RIFFS AND BEATS\" \/>\n<meta property=\"og:description\" content=\"[vc_row][vc_column][vc_column_text] Qui sommes-nous ? L\u2019adresse de notre site est : https:\/\/riffsandbeats.com Commentaires Lorsque vous laissez un commentaire sur notre site, les donn\u00e9es saisies dans le formulaire de commentaire, ainsi que votre adresse IP et l\u2019agent utilisateur de votre navigateur, sont collect\u00e9es pour nous aider \u00e0 [&hellip;]\" \/>\n<meta property=\"og:url\" content=\"https:\/\/riffsandbeats.com\/fr\/politique-de-confidentialite\/\" \/>\n<meta property=\"og:site_name\" content=\"RIFFS AND BEATS\" \/>\n<meta property=\"article:publisher\" content=\"https:\/\/www.facebook.com\/profile.php?id=61576819018054\" \/>\n<meta property=\"article:modified_time\" content=\"2025-05-28T21:17:49+00:00\" \/>\n<meta property=\"og:image\" content=\"https:\/\/riffsandbeats.com\/wp-content\/uploads\/2025\/06\/Couverture-Fb-2.png\" \/>\n\t<meta property=\"og:image:width\" content=\"1640\" \/>\n\t<meta property=\"og:image:height\" content=\"924\" \/>\n\t<meta property=\"og:image:type\" content=\"image\/png\" \/>\n<meta name=\"twitter:card\" content=\"summary_large_image\" \/>\n<meta name=\"twitter:site\" content=\"@riffsandbeats99\" \/>\n<meta name=\"twitter:label1\" content=\"Dur\u00e9e de lecture estim\u00e9e\" \/>\n\t<meta name=\"twitter:data1\" content=\"4 minutes\" \/>\n<script type=\"application\/ld+json\" class=\"yoast-schema-graph\">{\"@context\":\"https:\\\/\\\/schema.org\",\"@graph\":[{\"@type\":\"WebPage\",\"@id\":\"https:\\\/\\\/riffsandbeats.com\\\/fr\\\/politique-de-confidentialite\\\/\",\"url\":\"https:\\\/\\\/riffsandbeats.com\\\/fr\\\/politique-de-confidentialite\\\/\",\"name\":\"Politique de confidentialit\u00e9 - RIFFS AND BEATS\",\"isPartOf\":{\"@id\":\"https:\\\/\\\/riffsandbeats.com\\\/fr\\\/#website\"},\"datePublished\":\"2025-05-26T08:11:09+00:00\",\"dateModified\":\"2025-05-28T21:17:49+00:00\",\"breadcrumb\":{\"@id\":\"https:\\\/\\\/riffsandbeats.com\\\/fr\\\/politique-de-confidentialite\\\/#breadcrumb\"},\"inLanguage\":\"fr-FR\",\"potentialAction\":[{\"@type\":\"ReadAction\",\"target\":[\"https:\\\/\\\/riffsandbeats.com\\\/fr\\\/politique-de-confidentialite\\\/\"]}]},{\"@type\":\"BreadcrumbList\",\"@id\":\"https:\\\/\\\/riffsandbeats.com\\\/fr\\\/politique-de-confidentialite\\\/#breadcrumb\",\"itemListElement\":[{\"@type\":\"ListItem\",\"position\":1,\"name\":\"Home\",\"item\":\"https:\\\/\\\/riffsandbeats.com\\\/fr\\\/\"},{\"@type\":\"ListItem\",\"position\":2,\"name\":\"Politique de confidentialit\u00e9\"}]},{\"@type\":\"WebSite\",\"@id\":\"https:\\\/\\\/riffsandbeats.com\\\/fr\\\/#website\",\"url\":\"https:\\\/\\\/riffsandbeats.com\\\/fr\\\/\",\"name\":\"RIFFS AND BEATS\",\"description\":\"Soundtrack Of Our Lives\",\"publisher\":{\"@id\":\"https:\\\/\\\/riffsandbeats.com\\\/fr\\\/#organization\"},\"potentialAction\":[{\"@type\":\"SearchAction\",\"target\":{\"@type\":\"EntryPoint\",\"urlTemplate\":\"https:\\\/\\\/riffsandbeats.com\\\/fr\\\/?s={search_term_string}\"},\"query-input\":{\"@type\":\"PropertyValueSpecification\",\"valueRequired\":true,\"valueName\":\"search_term_string\"}}],\"inLanguage\":\"fr-FR\"},{\"@type\":\"Organization\",\"@id\":\"https:\\\/\\\/riffsandbeats.com\\\/fr\\\/#organization\",\"name\":\"RIFFS AND BEATS\",\"url\":\"https:\\\/\\\/riffsandbeats.com\\\/fr\\\/\",\"logo\":{\"@type\":\"ImageObject\",\"inLanguage\":\"fr-FR\",\"@id\":\"https:\\\/\\\/riffsandbeats.com\\\/fr\\\/#\\\/schema\\\/logo\\\/image\\\/\",\"url\":\"https:\\\/\\\/riffsandbeats.com\\\/wp-content\\\/uploads\\\/2025\\\/05\\\/Logo-RIFFS-BEATS-500x500-1.png\",\"contentUrl\":\"https:\\\/\\\/riffsandbeats.com\\\/wp-content\\\/uploads\\\/2025\\\/05\\\/Logo-RIFFS-BEATS-500x500-1.png\",\"width\":500,\"height\":500,\"caption\":\"RIFFS AND BEATS\"},\"image\":{\"@id\":\"https:\\\/\\\/riffsandbeats.com\\\/fr\\\/#\\\/schema\\\/logo\\\/image\\\/\"},\"sameAs\":[\"https:\\\/\\\/www.facebook.com\\\/profile.php?id=61576819018054\",\"https:\\\/\\\/x.com\\\/riffsandbeats99\",\"https:\\\/\\\/www.instagram.com\\\/riffsandbeatsofficial\",\"https:\\\/\\\/www.youtube.com\\\/@RiffsandBeats\",\"https:\\\/\\\/www.tiktok.com\\\/@riffsandbeats\"]}]}<\/script>\n<!-- \/ Yoast SEO plugin. -->","yoast_head_json":{"title":"Politique de confidentialit\u00e9 - RIFFS AND BEATS","robots":{"index":"index","follow":"follow","max-snippet":"max-snippet:-1","max-image-preview":"max-image-preview:large","max-video-preview":"max-video-preview:-1"},"canonical":"https:\/\/riffsandbeats.com\/fr\/politique-de-confidentialite\/","og_locale":"fr_FR","og_type":"article","og_title":"Politique de confidentialit\u00e9 - RIFFS AND BEATS","og_description":"[vc_row][vc_column][vc_column_text] Qui sommes-nous ? L\u2019adresse de notre site est : https:\/\/riffsandbeats.com Commentaires Lorsque vous laissez un commentaire sur notre site, les donn\u00e9es saisies dans le formulaire de commentaire, ainsi que votre adresse IP et l\u2019agent utilisateur de votre navigateur, sont collect\u00e9es pour nous aider \u00e0 [&hellip;]","og_url":"https:\/\/riffsandbeats.com\/fr\/politique-de-confidentialite\/","og_site_name":"RIFFS AND BEATS","article_publisher":"https:\/\/www.facebook.com\/profile.php?id=61576819018054","article_modified_time":"2025-05-28T21:17:49+00:00","og_image":[{"width":1640,"height":924,"url":"https:\/\/riffsandbeats.com\/wp-content\/uploads\/2025\/06\/Couverture-Fb-2.png","type":"image\/png"}],"twitter_card":"summary_large_image","twitter_site":"@riffsandbeats99","twitter_misc":{"Dur\u00e9e de lecture estim\u00e9e":"4 minutes"},"schema":{"@context":"https:\/\/schema.org","@graph":[{"@type":"WebPage","@id":"https:\/\/riffsandbeats.com\/fr\/politique-de-confidentialite\/","url":"https:\/\/riffsandbeats.com\/fr\/politique-de-confidentialite\/","name":"Politique de confidentialit\u00e9 - RIFFS AND BEATS","isPartOf":{"@id":"https:\/\/riffsandbeats.com\/fr\/#website"},"datePublished":"2025-05-26T08:11:09+00:00","dateModified":"2025-05-28T21:17:49+00:00","breadcrumb":{"@id":"https:\/\/riffsandbeats.com\/fr\/politique-de-confidentialite\/#breadcrumb"},"inLanguage":"fr-FR","potentialAction":[{"@type":"ReadAction","target":["https:\/\/riffsandbeats.com\/fr\/politique-de-confidentialite\/"]}]},{"@type":"BreadcrumbList","@id":"https:\/\/riffsandbeats.com\/fr\/politique-de-confidentialite\/#breadcrumb","itemListElement":[{"@type":"ListItem","position":1,"name":"Home","item":"https:\/\/riffsandbeats.com\/fr\/"},{"@type":"ListItem","position":2,"name":"Politique de confidentialit\u00e9"}]},{"@type":"WebSite","@id":"https:\/\/riffsandbeats.com\/fr\/#website","url":"https:\/\/riffsandbeats.com\/fr\/","name":"RIFFS AND BEATS","description":"Soundtrack Of Our Lives","publisher":{"@id":"https:\/\/riffsandbeats.com\/fr\/#organization"},"potentialAction":[{"@type":"SearchAction","target":{"@type":"EntryPoint","urlTemplate":"https:\/\/riffsandbeats.com\/fr\/?s={search_term_string}"},"query-input":{"@type":"PropertyValueSpecification","valueRequired":true,"valueName":"search_term_string"}}],"inLanguage":"fr-FR"},{"@type":"Organization","@id":"https:\/\/riffsandbeats.com\/fr\/#organization","name":"RIFFS AND BEATS","url":"https:\/\/riffsandbeats.com\/fr\/","logo":{"@type":"ImageObject","inLanguage":"fr-FR","@id":"https:\/\/riffsandbeats.com\/fr\/#\/schema\/logo\/image\/","url":"https:\/\/riffsandbeats.com\/wp-content\/uploads\/2025\/05\/Logo-RIFFS-BEATS-500x500-1.png","contentUrl":"https:\/\/riffsandbeats.com\/wp-content\/uploads\/2025\/05\/Logo-RIFFS-BEATS-500x500-1.png","width":500,"height":500,"caption":"RIFFS AND BEATS"},"image":{"@id":"https:\/\/riffsandbeats.com\/fr\/#\/schema\/logo\/image\/"},"sameAs":["https:\/\/www.facebook.com\/profile.php?id=61576819018054","https:\/\/x.com\/riffsandbeats99","https:\/\/www.instagram.com\/riffsandbeatsofficial","https:\/\/www.youtube.com\/@RiffsandBeats","https:\/\/www.tiktok.com\/@riffsandbeats"]}]}},"campaignId":"","_links":{"self":[{"href":"https:\/\/riffsandbeats.com\/fr\/wp-json\/wp\/v2\/pages\/5963","targetHints":{"allow":["GET"]}}],"collection":[{"href":"https:\/\/riffsandbeats.com\/fr\/wp-json\/wp\/v2\/pages"}],"about":[{"href":"https:\/\/riffsandbeats.com\/fr\/wp-json\/wp\/v2\/types\/page"}],"author":[{"embeddable":true,"href":"https:\/\/riffsandbeats.com\/fr\/wp-json\/wp\/v2\/users\/1"}],"replies":[{"embeddable":true,"href":"https:\/\/riffsandbeats.com\/fr\/wp-json\/wp\/v2\/comments?post=5963"}],"version-history":[{"count":2,"href":"https:\/\/riffsandbeats.com\/fr\/wp-json\/wp\/v2\/pages\/5963\/revisions"}],"predecessor-version":[{"id":5965,"href":"https:\/\/riffsandbeats.com\/fr\/wp-json\/wp\/v2\/pages\/5963\/revisions\/5965"}],"wp:attachment":[{"href":"https:\/\/riffsandbeats.com\/fr\/wp-json\/wp\/v2\/media?parent=5963"}],"curies":[{"name":"wp","href":"https:\/\/api.w.org\/{rel}","templated":true}]}}